{"id":3787,"date":"2022-08-29T09:56:39","date_gmt":"2022-08-29T07:56:39","guid":{"rendered":"https:\/\/justinsurance.acceseo.dev\/personvernerklaering\/"},"modified":"2025-07-23T14:00:27","modified_gmt":"2025-07-23T12:00:27","slug":"personvernerklaering","status":"publish","type":"page","link":"https:\/\/justinsurance.es\/no\/personvernerklaering\/","title":{"rendered":"Personvernerkl\u00e6ring"},"content":{"rendered":"\t\t<div data-elementor-type=\"wp-page\" data-elementor-id=\"3787\" class=\"elementor elementor-3787 elementor-11\" data-elementor-post-type=\"page\">\n\t\t\t\t\t\t<section class=\"elementor-section elementor-top-section elementor-element elementor-element-a8a05fb elementor-section-boxed elementor-section-height-default elementor-section-height-default\" data-id=\"a8a05fb\" data-element_type=\"section\" data-e-type=\"section\">\n\t\t\t\t\t\t<div class=\"elementor-container elementor-column-gap-default\">\n\t\t\t\t\t<div class=\"elementor-column elementor-col-100 elementor-top-column elementor-element elementor-element-1add604\" data-id=\"1add604\" data-element_type=\"column\" data-e-type=\"column\">\n\t\t\t<div class=\"elementor-widget-wrap elementor-element-populated\">\n\t\t\t\t\t\t<div class=\"elementor-element elementor-element-fcb9249 breadcrumb--widget animated-fast elementor-invisible elementor-widget elementor-widget-shortcode\" data-id=\"fcb9249\" data-element_type=\"widget\" data-e-type=\"widget\" data-settings=\"{&quot;_animation&quot;:&quot;fadeInUp&quot;}\" data-widget_type=\"shortcode.default\">\n\t\t\t\t<div class=\"elementor-widget-container\">\n\t\t\t\t\t\t\t<div class=\"elementor-shortcode\"><nav aria-label=\"breadcrumbs\" class=\"rank-math-breadcrumb\"><p><span class=\"last\">Home<\/span><\/p><\/nav><\/div>\n\t\t\t\t\t\t<\/div>\n\t\t\t\t<\/div>\n\t\t\t\t<div class=\"elementor-element elementor-element-500f6b0 animated-fast primary--link elementor-invisible elementor-widget elementor-widget-text-editor\" data-id=\"500f6b0\" data-element_type=\"widget\" data-e-type=\"widget\" data-settings=\"{&quot;_animation&quot;:&quot;fadeIn&quot;}\" data-widget_type=\"text-editor.default\">\n\t\t\t\t<div class=\"elementor-widget-container\">\n\t\t\t\t\t\t\t\t\t<p>Ved \u00e5 akseptere personvernerkl\u00e6ringen til nettstedet, samtykker du til bruken av dataene dine av TOURIST-BROKER CORREDUR\u00cdA DE SEGUROS SL, en enhet hjemmeh\u00f8rende p\u00e5 calle Gerona 13 1\u00ba, local 23, Benidorm 03503, og med CIF-nummer B54311048, med form\u00e5let av vi kan kontakte deg og\/eller svare p\u00e5 foresp\u00f8rselen din.<\/p>\n<p>I tilfelle du ikke gir oss samtykke til \u00e5 bruke dine personopplysninger, vil vi ikke v\u00e6re i stand til \u00e5 oppfylle det angitte form\u00e5let.<\/p>\n<p>Personopplysningene som behandles er identifikasjonsdata og personopplysningene som du kan legge inn i kontaktskjemaet.<\/p>\n<p>Du vil v\u00e6re ansvarlig for sannheten til de oppgitte personopplysningene, og enheten forbeholder seg retten til \u00e5 ekskludere fra tjenestene som tilbys nettbrukere som har oppgitt falske eller feilaktige data, uten at det ber\u00f8rer andre handlinger som f\u00f8lger av loven.<\/p>\n<p>N\u00e5r personopplysninger samles inn fra et skjema, vil det v\u00e6re n\u00f8dvendig for deg \u00e5 oppgi alle de som er obligatoriske, siden vi ellers ikke vil kunne h\u00e5ndtere foresp\u00f8rselen din.<\/p>\n<p>Dine personopplysninger vil bli overf\u00f8rt til forsikringsselskaper i tilfelle du tegner en polise hos dem.<\/p>\n<p>Dine personopplysninger vil bli kansellert n\u00e5r de ikke lenger er n\u00f8dvendige for form\u00e5let de ble samlet inn for.<\/p>\n<p>Du har rett til \u00e5 trekke tilbake samtykket ditt n\u00e5r som helst slik at vi slutter \u00e5 bruke dine personopplysninger, og hvis du mener at rettighetene dine er krenket, kan du sende inn et krav til det spanske byr\u00e5et for databeskyttelse.<\/p>\n<p>I tilfelle du ikke aksepterer at vi bruker dine personopplysninger eller trekker tilbake ditt samtykke, vil vi ikke kunne tilby deg v\u00e5re tjenester.<\/p>\n<p>Vi ber om at i tilfelle endring av dine personopplysninger, varsle oss p\u00e5 adressen nedenfor, for \u00e5 holde informasjonen din oppdatert.<\/p>\n<p>Vi informerer deg om at du kan ut\u00f8ve dine rettigheter til tilgang til data, retting eller sletting av data, begrensning av databruk, motstand mot databruk og dataportabilitet ved \u00e5 sende foresp\u00f8rselen din skriftlig til adressen info@tourist-broker.com<\/p>\n\t\t\t\t\t\t\t\t<\/div>\n\t\t\t\t<\/div>\n\t\t\t\t\t<\/div>\n\t\t<\/div>\n\t\t\t\t\t<\/div>\n\t\t<\/section>\n\t\t\t\t<\/div>\n\t\t","protected":false},"excerpt":{"rendered":"<p>Ved \u00e5 akseptere personvernerkl\u00e6ringen til nettstedet, samtykker du til bruken av dataene dine av TOURIST-BROKER CORREDUR\u00cdA DE SEGUROS SL, en enhet hjemmeh\u00f8rende p\u00e5 calle Gerona 13 1\u00ba, local 23, Benidorm 03503, og med CIF-nummer B54311048, med form\u00e5let av vi kan kontakte deg og\/eller svare p\u00e5 foresp\u00f8rselen din. I tilfelle du ikke gir oss samtykke til [&hellip;]<\/p>\n","protected":false},"author":1,"featured_media":0,"parent":0,"menu_order":0,"comment_status":"closed","ping_status":"closed","template":"","meta":{"footnotes":""},"class_list":["post-3787","page","type-page","status-publish","hentry"],"_links":{"self":[{"href":"https:\/\/justinsurance.es\/no\/wp-json\/wp\/v2\/pages\/3787","targetHints":{"allow":["GET"]}}],"collection":[{"href":"https:\/\/justinsurance.es\/no\/wp-json\/wp\/v2\/pages"}],"about":[{"href":"https:\/\/justinsurance.es\/no\/wp-json\/wp\/v2\/types\/page"}],"author":[{"embeddable":true,"href":"https:\/\/justinsurance.es\/no\/wp-json\/wp\/v2\/users\/1"}],"replies":[{"embeddable":true,"href":"https:\/\/justinsurance.es\/no\/wp-json\/wp\/v2\/comments?post=3787"}],"version-history":[{"count":4,"href":"https:\/\/justinsurance.es\/no\/wp-json\/wp\/v2\/pages\/3787\/revisions"}],"predecessor-version":[{"id":8500,"href":"https:\/\/justinsurance.es\/no\/wp-json\/wp\/v2\/pages\/3787\/revisions\/8500"}],"wp:attachment":[{"href":"https:\/\/justinsurance.es\/no\/wp-json\/wp\/v2\/media?parent=3787"}],"curies":[{"name":"wp","href":"https:\/\/api.w.org\/{rel}","templated":true}]}}