{"id":3235,"date":"2022-10-13T10:23:37","date_gmt":"2022-10-13T08:23:37","guid":{"rendered":"https:\/\/justinsurance.acceseo.dev\/retningslinjer-for-informasjonskapsler\/"},"modified":"2025-07-23T14:01:02","modified_gmt":"2025-07-23T12:01:02","slug":"retningslinjer-for-informasjonskapsler","status":"publish","type":"page","link":"https:\/\/justinsurance.es\/no\/retningslinjer-for-informasjonskapsler\/","title":{"rendered":"Pol\u00edtica de cookies"},"content":{"rendered":"\t\t<div data-elementor-type=\"wp-page\" data-elementor-id=\"3235\" class=\"elementor elementor-3235 elementor-574\" data-elementor-post-type=\"page\">\n\t\t\t\t\t\t<section class=\"elementor-section elementor-top-section elementor-element elementor-element-68dc902a elementor-section-boxed elementor-section-height-default elementor-section-height-default\" data-id=\"68dc902a\" data-element_type=\"section\" data-e-type=\"section\">\n\t\t\t\t\t\t<div class=\"elementor-container elementor-column-gap-default\">\n\t\t\t\t\t<div class=\"elementor-column elementor-col-100 elementor-top-column elementor-element elementor-element-675096ee\" data-id=\"675096ee\" data-element_type=\"column\" data-e-type=\"column\">\n\t\t\t<div class=\"elementor-widget-wrap elementor-element-populated\">\n\t\t\t\t\t\t<div class=\"elementor-element elementor-element-5aa78d3 breadcrumb--widget animated-fast elementor-invisible elementor-widget elementor-widget-shortcode\" data-id=\"5aa78d3\" data-element_type=\"widget\" data-e-type=\"widget\" data-settings=\"{&quot;_animation&quot;:&quot;fadeInUp&quot;}\" data-widget_type=\"shortcode.default\">\n\t\t\t\t<div class=\"elementor-widget-container\">\n\t\t\t\t\t\t\t<div class=\"elementor-shortcode\"><nav aria-label=\"breadcrumbs\" class=\"rank-math-breadcrumb\"><p><span class=\"last\">Home<\/span><\/p><\/nav><\/div>\n\t\t\t\t\t\t<\/div>\n\t\t\t\t<\/div>\n\t\t\t\t<div class=\"elementor-element elementor-element-45315aa animated-fast list-style primary--link  elementor-invisible elementor-widget elementor-widget-text-editor\" data-id=\"45315aa\" data-element_type=\"widget\" data-e-type=\"widget\" data-settings=\"{&quot;_animation&quot;:&quot;fadeIn&quot;}\" data-widget_type=\"text-editor.default\">\n\t\t\t\t<div class=\"elementor-widget-container\">\n\t\t\t\t\t\t\t\t\tLas\u00a0<em>cookies<\/em>\u00a0son archivos que se instalan en un equipo para almacenar y recuperar datos de un terminal que est\u00e1 siendo utilizado para acceder a un servicio telem\u00e1tico y, por tanto, reflejan los h\u00e1bitos de navegaci\u00f3n de los usuarios de internet.\r\n<h3><\/h3>\r\n<h3><strong>Tipos de cookies<\/strong><\/h3>\r\nA continuaci\u00f3n, se muestran las definiciones de todos los tipos de\u00a0<em>cookies<\/em>\u00a0posibles, divididas por categor\u00edas.\r\n\r\nEstas categor\u00edas de\u00a0<em>cookies<\/em>\u00a0no son excluyentes entre s\u00ed, pudiendo una misma\u00a0<em>cookie<\/em>\u00a0englobarse en diferentes categor\u00edas de las expuestas.\r\n\r\n<strong>Seg\u00fan la entidad que las gestione:<\/strong>\r\n<ul>\r\n \t<li><em>Cookies\u00a0<\/em>propias: se env\u00edan al equipo terminal del usuario desde un equipo o dominio gestionado por el propio editor y desde el que se presta el servicio solicitado por el usuario.<\/li>\r\n \t<li><em>Cookies<\/em>\u00a0de tercero: se env\u00edan al equipo terminal del usuario desde un equipo o dominio que no es gestionado por el editor, sino por otra entidad que trata los datos obtenidos trav\u00e9s de las\u00a0<em>cookies<\/em>.<\/li>\r\n<\/ul>\r\nSon\u00a0<em>cookies<\/em>\u00a0de tercero aquellas que desde un equipo o dominio gestionado por el propio editor, pero la informaci\u00f3n es gestionada por un tercero.\r\n\r\n<strong>Seg\u00fan el plazo que permanecen activas:<\/strong>\r\n<ul>\r\n \t<li><em>Cookies<\/em>\u00a0de sesi\u00f3n: para recabar y almacenar datos mientras el usuario accede a una p\u00e1gina web o aplicaci\u00f3n. Solo interesa para la prestaci\u00f3n del servicio solicitado.<\/li>\r\n \t<li><em>Cookies<\/em>\u00a0persistentes: los datos siguen almacenados en el terminal y pueden ser accedidos y tratados durante un periodo definido por el responsable de la\u00a0<em>cookie<\/em>\u00a0(incluso a\u00f1os).<\/li>\r\n<\/ul>\r\n<strong>Seg\u00fan su finalidad:<\/strong>\r\n<ul>\r\n \t<li><em>Cookies\u00a0<\/em>t\u00e9cnicas: permiten al usuario la navegaci\u00f3n a trav\u00e9s de una p\u00e1gina web, plataforma o aplicaci\u00f3n y la utilizaci\u00f3n de las diferentes opciones o servicios que en ella existan.<\/li>\r\n \t<li><em>Cookies de\u00a0<\/em>personalizaci\u00f3n: permiten al usuario acceder al servicio con algunas caracter\u00edsticas generales predefinidas en funci\u00f3n de una serie de criterios en el terminal del usuario como por ejemplo serian el idioma, el tipo de navegador a trav\u00e9s del cual accede al servicio, la configuraci\u00f3n regional desde donde accede al servicio, etc.<\/li>\r\n \t<li><em>Cookies de\u00a0<\/em>an\u00e1lisis: permiten al responsable de las mismas, el seguimiento y an\u00e1lisis del comportamiento de los usuarios de los sitios web o aplicaci\u00f3n a los que est\u00e1n vinculadas. La informaci\u00f3n recogida mediante este tipo de\u00a0<em>cookies<\/em>\u00a0se utiliza en la medici\u00f3n de la actividad de los sitios web, aplicaci\u00f3n o plataforma y para la elaboraci\u00f3n de perfiles de navegaci\u00f3n de los usuarios de dichos sitios, aplicaciones y plataformas, con el fin de introducir mejoras en funci\u00f3n del an\u00e1lisis de los datos de uso que hacen los usuarios del servicio.<\/li>\r\n \t<li><em>Cookies\u00a0<\/em>publicitarias: permiten la gesti\u00f3n de los espacios publicitarios que el editor haya incluido en una p\u00e1gina web, aplicaci\u00f3n o plataforma desde la que presta el servicio solicitado.<\/li>\r\n \t<li><em>Cookies<\/em>\u00a0de publicidad comportamental: permiten la gesti\u00f3n de los espacios publicitarios que el editor haya incluido en una p\u00e1gina web, aplicaci\u00f3n o plataforma desde la que presta el servicio solicitado. Estas\u00a0<em>cookies<\/em>\u00a0almacenan informaci\u00f3n del comportamiento de los usuarios obtenida a trav\u00e9s de la observaci\u00f3n continuada de sus h\u00e1bitos de navegaci\u00f3n, lo que permite desarrollar un perfil espec\u00edfico para mostrar publicidad en funci\u00f3n del mismo.<\/li>\r\n<\/ul>\r\n<h3><\/h3>\r\n<h3><strong>DERECHOS DE LOS USUARIOS<\/strong><\/h3>\r\nEl usuario de la p\u00e1gina web tiene derecho a saber que sus h\u00e1bitos de navegaci\u00f3n pueden ser conocidos por el titular de la web o por terceros, a ser informado de qu\u00e9 datos est\u00e1n siendo guardados, con qu\u00e9 finalidad, a decidir si acepta o no a otorgar su consentimiento para que las\u00a0<em>cookies<\/em>\u00a0sean instaladas, a conocer las consecuencias en el caso de que no otorgue su consentimiento y a c\u00f3mo revocar el mismo una vez otorgado.\r\n\r\nSe except\u00faan de este consentimiento informado y, por tanto, podr\u00e1n ser almacenadas y usadas sin autorizaci\u00f3n del usuario las siguientes\u00a0<em>cookies<\/em>:\r\n<ul>\r\n \t<li><em>Cookies <\/em>que \u00fanicamente permiten la comunicaci\u00f3n entre el equipo de usuario y la red.<\/li>\r\n \t<li><em>Cookies <\/em>que prestan un servicio solicitado por el usuario del equipo.<\/li>\r\n \t<li><em>Cookies <\/em>de entrada de usuario.<\/li>\r\n \t<li><em>Cookies <\/em>de autenticaci\u00f3n o identificaci\u00f3n de usuario.<\/li>\r\n \t<li><em>Cookies <\/em>de seguridad del usuario.<\/li>\r\n \t<li><em>Cookies <\/em>de sesi\u00f3n de reproductor multimedia.<\/li>\r\n \t<li><em>Cookies <\/em>de sesi\u00f3n para equilibrar la carga.<\/li>\r\n \t<li><em>Cookies <\/em>de personalizaci\u00f3n de interfaz de usuario.<\/li>\r\n \t<li><em>Cookies <\/em>de complemento (<em>plug in<\/em>) para intercambiar contenidos sociales.<\/li>\r\n<\/ul>\r\n<h3><\/h3>\r\n<h3><strong>RETIRADA DEL CONSENTIMIENTO Y CONSECUENCIAS EN EL CASO DE DENEGACI\u00d3N DEL CONSENTIMIENTO O RETIRADA DEL MISO<\/strong><\/h3>\r\nEn el caso de que usted no acepte la instalaci\u00f3n de\u00a0<em>cookies<\/em>\u00a0por parte del editor del sistema de telecomunicaciones podr\u00e1 seguir utilizando la web pero no se recoger\u00e1n datos anal\u00edticos de las visitas a la misma.\r\n\r\nSi quiere permitir o denegar el uso de\u00a0<em>cookies<\/em>\u00a0en su navegador, por favor, siga las instrucciones correspondientes, en atenci\u00f3n al navegador que emplee:\r\n<ul>\r\n \t<li>Google Chrome: <a href=\"https:\/\/support.google.com\/chrome\/answer\/95647?hl=es\" target=\"_blank\" rel=\"noopener noreferrer\">Google Chrome<\/a><\/li>\r\n \t<li>Microsoft Internet Explorer: <a href=\"http:\/\/windows.microsoft.com\/es-es\/windows-vista\/block-or-allow-cookies\" target=\"_blank\" rel=\"noopener noreferrer\">Microsoft Internet Explorer<\/a><\/li>\r\n \t<li>Mozilla Firefox: <a href=\"https:\/\/support.mozilla.org\/es\/kb\/habilitar-y-deshabilitar-cookies-que-los-sitios-we\" target=\"_blank\" rel=\"noopener noreferrer\">Mozilla Firefox<\/a><\/li>\r\n \t<li>Safari: <a href=\"https:\/\/support.apple.com\/kb\/PH17191?locale=es_ES\" target=\"_blank\" rel=\"noopener noreferrer\">Safari<\/a><\/li>\r\n \t<li>Opera: <a href=\"http:\/\/help.opera.com\/Linux\/10.60\/es-ES\/cookies.html\" target=\"_blank\" rel=\"noopener noreferrer\">Opera<\/a><\/li>\r\n<\/ul>\r\n<div class=\"legaltext_content\">\r\n<div id=\"texttool-content\">\r\n<div class=\"mtb-5-20\">\r\n\r\nAdem\u00e1s, tambi\u00e9n puede gestionar el almac\u00e9n de cookies en su navegador a trav\u00e9s de herramientas como las siguientes\r\n<ul>\r\n \t<li>Ghostery:\u00a0<a href=\"https:\/\/www.ghostery.com\/\" target=\"_blank\" rel=\"noopener\">www.ghostery.com<\/a><\/li>\r\n \t<li>Your online choices:\u00a0<a href=\"https:\/\/www.youronlinechoices.com\/es\/\" target=\"_blank\" rel=\"noopener\">www.youronlinechoices.com\/es\/<\/a><\/li>\r\n<\/ul>\r\n<\/div>\r\n<div class=\"mtb-5-20\"><strong>Cookies utilizadas en\u00a0<span class=\"PAGINA-WEB\">justinsurance.es<\/span><\/strong><\/div>\r\n<div><\/div>\r\n<div class=\"mtb-5-20\">\r\n<div class=\"table-scroll\">\r\n<table style=\"max-width: 1000px; overflow: scroll;\">\r\n<tbody>\r\n<tr>\r\n<th style=\"background-color: #ffd13c;\">Cookies<\/th>\r\n<th style=\"background-color: #ffd13c;\">Nombre<\/th>\r\n<th style=\"background-color: #ffd13c;\">Plazo de expiraci\u00f3n<\/th>\r\n<th style=\"background-color: #ffd13c;\">Finalidad<\/th>\r\n<th style=\"background-color: #ffd13c;\">Destinatario del uso<\/th>\r\n<th style=\"background-color: #ffd13c;\">Necesidad de consentimiento<\/th>\r\n<\/tr>\r\n<tr>\r\n<td style=\"background-color: #ffd13c;\" rowspan=\"2\">Propias<\/td>\r\n<td>GDPR Cookie Compliance<\/td>\r\n<td>1 a\u00f1o<\/td>\r\n<td>Banner Cookie<\/td>\r\n<td>justinsurance.es<\/td>\r\n<td>S\u00ed<\/td>\r\n<\/tr>\r\n<tr>\r\n<td>PHPSESSID<\/td>\r\n<td>Sesi\u00f3n<\/td>\r\n<td>Sesi\u00f3n<\/td>\r\n<td><span style=\"font-size: 16.2px;\">justinsurance.es<\/span><\/td>\r\n<td>S\u00ed<\/td>\r\n<\/tr>\r\n<tr>\r\n<td style=\"background-color: #ffd13c;\" rowspan=\"2\">De terceros<\/td>\r\n<td>_GA\r\n_GI<\/td>\r\n<td>1 a\u00f1o<\/td>\r\n<td>Google Analytics<\/td>\r\n<td><span style=\"font-size: 16.2px;\">justinsurance.es<\/span><\/td>\r\n<td>S\u00ed<\/td>\r\n<\/tr>\r\n<tr>\r\n<td>_FBP<\/td>\r\n<td>3 meses<\/td>\r\n<td>Pixel Facebook<\/td>\r\n<td><span style=\"font-size: 16.2px;\">justinsurance.es<\/span><\/td>\r\n<td>S\u00ed<\/td>\r\n<\/tr>\r\n<\/tbody>\r\n<\/table>\r\n<\/div>\r\nA continuaci\u00f3n se identifican las cookies que est\u00e1n siendo utilizadas en este portal as\u00ed como su tipolog\u00eda y funci\u00f3n:\r\n\r\nAceptaci\u00f3n de la Pol\u00edtica de cookies justinsurance.es\u00a0asume que usted acepta el uso de cookies. No obstante, muestra informaci\u00f3n sobre su Pol\u00edtica de cookies en la parte inferior o superior de cualquier p\u00e1gina del portal con cada inicio de sesi\u00f3n con el objeto de que usted sea consciente.\r\n\r\nAnte esta informaci\u00f3n es posible llevar a cabo las siguientes acciones:\r\n<ul>\r\n \t<li>Aceptar cookies. No se volver\u00e1 a visualizar este aviso al acceder a cualquier p\u00e1gina del portal durante la presente sesi\u00f3n.<\/li>\r\n \t<li>Cerrar. Se oculta el aviso en la presente p\u00e1gina.<\/li>\r\n \t<li>Modificar su configuraci\u00f3n. Podr\u00e1 obtener m\u00e1s informaci\u00f3n sobre qu\u00e9 son las cookies, conocer la Pol\u00edtica de cookies de justinsurance.es\u00a0y modificar la configuraci\u00f3n de su navegador.<\/li>\r\n<\/ul>\r\n<\/div>\r\n<\/div>\r\n<\/div>\r\n<h3><\/h3>\r\n<h3><strong>CAMBIOS EN EL USO DE COOKIES<\/strong><\/h3>\r\nEn el caso de que haya cambios en las caracter\u00edsticas o finalidades de las\u00a0<em>cookies<\/em>\u00a0empleadas en esta web se le informar\u00e1 y solicitar\u00e1 consentimiento de nuevo.\t\t\t\t\t\t\t\t<\/div>\n\t\t\t\t<\/div>\n\t\t\t\t\t<\/div>\n\t\t<\/div>\n\t\t\t\t\t<\/div>\n\t\t<\/section>\n\t\t\t\t<\/div>\n\t\t","protected":false},"excerpt":{"rendered":"<p>Las\u00a0cookies\u00a0son archivos que se instalan en un equipo para almacenar y recuperar datos de un terminal que est\u00e1 siendo utilizado para acceder a un servicio telem\u00e1tico y, por tanto, reflejan los h\u00e1bitos de navegaci\u00f3n de los usuarios de internet. Tipos de cookies A continuaci\u00f3n, se muestran las definiciones de todos los tipos de\u00a0cookies\u00a0posibles, divididas por [&hellip;]<\/p>\n","protected":false},"author":1,"featured_media":0,"parent":0,"menu_order":0,"comment_status":"closed","ping_status":"closed","template":"","meta":{"footnotes":""},"class_list":["post-3235","page","type-page","status-publish","hentry"],"_links":{"self":[{"href":"https:\/\/justinsurance.es\/no\/wp-json\/wp\/v2\/pages\/3235","targetHints":{"allow":["GET"]}}],"collection":[{"href":"https:\/\/justinsurance.es\/no\/wp-json\/wp\/v2\/pages"}],"about":[{"href":"https:\/\/justinsurance.es\/no\/wp-json\/wp\/v2\/types\/page"}],"author":[{"embeddable":true,"href":"https:\/\/justinsurance.es\/no\/wp-json\/wp\/v2\/users\/1"}],"replies":[{"embeddable":true,"href":"https:\/\/justinsurance.es\/no\/wp-json\/wp\/v2\/comments?post=3235"}],"version-history":[{"count":9,"href":"https:\/\/justinsurance.es\/no\/wp-json\/wp\/v2\/pages\/3235\/revisions"}],"predecessor-version":[{"id":8502,"href":"https:\/\/justinsurance.es\/no\/wp-json\/wp\/v2\/pages\/3235\/revisions\/8502"}],"wp:attachment":[{"href":"https:\/\/justinsurance.es\/no\/wp-json\/wp\/v2\/media?parent=3235"}],"curies":[{"name":"wp","href":"https:\/\/api.w.org\/{rel}","templated":true}]}}