{"id":5757,"date":"2023-08-11T09:47:19","date_gmt":"2023-08-11T07:47:19","guid":{"rendered":"https:\/\/justinsurance.es\/?page_id=5757"},"modified":"2025-07-23T13:58:02","modified_gmt":"2025-07-23T11:58:02","slug":"declaracion-de-accesibilidad","status":"publish","type":"page","link":"https:\/\/justinsurance.es\/nl\/declaracion-de-accesibilidad\/","title":{"rendered":"Declaraci\u00f3n de Accesibilidad"},"content":{"rendered":"\t\t<div data-elementor-type=\"wp-page\" data-elementor-id=\"5757\" class=\"elementor elementor-5757\" data-elementor-post-type=\"page\">\n\t\t\t\t\t\t<section class=\"elementor-section elementor-top-section elementor-element elementor-element-60897f3c elementor-section-boxed elementor-section-height-default elementor-section-height-default\" data-id=\"60897f3c\" data-element_type=\"section\" data-e-type=\"section\" data-settings=\"{&quot;background_background&quot;:&quot;classic&quot;}\">\n\t\t\t\t\t\t\t<div class=\"elementor-background-overlay\"><\/div>\n\t\t\t\t\t\t\t<div class=\"elementor-container elementor-column-gap-default\">\n\t\t\t\t\t<div class=\"elementor-column elementor-col-100 elementor-top-column elementor-element elementor-element-477671a1\" data-id=\"477671a1\" data-element_type=\"column\" data-e-type=\"column\">\n\t\t\t<div class=\"elementor-widget-wrap elementor-element-populated\">\n\t\t\t\t\t\t<div class=\"elementor-element elementor-element-1e888978 breadcrumb elementor-widget elementor-widget-text-editor\" data-id=\"1e888978\" data-element_type=\"widget\" data-e-type=\"widget\" data-widget_type=\"text-editor.default\">\n\t\t\t\t<div class=\"elementor-widget-container\">\n\t\t\t\t\t\t\t\t\t<p><a href=\"https:\/\/www.instalcea.es\/\" target=\"_blank\" rel=\"noopener\">Inicio<\/a> \/ Declaraci\u00f3n de Accesibilidad<\/p>\t\t\t\t\t\t\t\t<\/div>\n\t\t\t\t<\/div>\n\t\t\t\t\t<\/div>\n\t\t<\/div>\n\t\t\t\t\t<\/div>\n\t\t<\/section>\n\t\t\t\t<section class=\"elementor-section elementor-top-section elementor-element elementor-element-671bcb7a elementor-section-boxed elementor-section-height-default elementor-section-height-default\" data-id=\"671bcb7a\" data-element_type=\"section\" data-e-type=\"section\" data-settings=\"{&quot;background_background&quot;:&quot;classic&quot;}\">\n\t\t\t\t\t\t<div class=\"elementor-container elementor-column-gap-default\">\n\t\t\t\t\t<div class=\"elementor-column elementor-col-100 elementor-top-column elementor-element elementor-element-4715ed35\" data-id=\"4715ed35\" data-element_type=\"column\" data-e-type=\"column\">\n\t\t\t<div class=\"elementor-widget-wrap elementor-element-populated\">\n\t\t\t\t\t\t<div class=\"elementor-element elementor-element-fb98ffa elementor-widget elementor-widget-heading\" data-id=\"fb98ffa\" data-element_type=\"widget\" data-e-type=\"widget\" data-widget_type=\"heading.default\">\n\t\t\t\t<div class=\"elementor-widget-container\">\n\t\t\t\t\t<h1 class=\"elementor-heading-title elementor-size-default\">Declaraci\u00f3n de Accesibilidad<\/h1>\t\t\t\t<\/div>\n\t\t\t\t<\/div>\n\t\t\t\t\t<\/div>\n\t\t<\/div>\n\t\t\t\t\t<\/div>\n\t\t<\/section>\n\t\t\t\t<section class=\"elementor-section elementor-top-section elementor-element elementor-element-3c666f23 animated-fast elementor-section-boxed elementor-section-height-default elementor-section-height-default elementor-invisible\" data-id=\"3c666f23\" data-element_type=\"section\" data-e-type=\"section\" data-settings=\"{&quot;animation&quot;:&quot;fadeIn&quot;}\">\n\t\t\t\t\t\t<div class=\"elementor-container elementor-column-gap-default\">\n\t\t\t\t\t<div class=\"elementor-column elementor-col-33 elementor-top-column elementor-element elementor-element-3f066805 elementor-hidden-mobile_extra elementor-hidden-mobile\" data-id=\"3f066805\" data-element_type=\"column\" data-e-type=\"column\">\n\t\t\t<div class=\"elementor-widget-wrap elementor-element-populated\">\n\t\t\t\t\t\t<section class=\"elementor-section elementor-inner-section elementor-element elementor-element-530805b2 elementor-section-boxed elementor-section-height-default elementor-section-height-default\" data-id=\"530805b2\" data-element_type=\"section\" data-e-type=\"section\" data-settings=\"{&quot;sticky&quot;:&quot;top&quot;,&quot;sticky_parent&quot;:&quot;yes&quot;,&quot;sticky_offset&quot;:150,&quot;sticky_on&quot;:[&quot;desktop&quot;,&quot;laptop&quot;,&quot;tablet_extra&quot;,&quot;tablet&quot;,&quot;mobile_extra&quot;,&quot;mobile&quot;],&quot;sticky_effects_offset&quot;:0,&quot;sticky_anchor_link_offset&quot;:0}\">\n\t\t\t\t\t\t<div class=\"elementor-container elementor-column-gap-default\">\n\t\t\t\t\t<div class=\"elementor-column elementor-col-100 elementor-inner-column elementor-element elementor-element-674a93a9\" data-id=\"674a93a9\" data-element_type=\"column\" data-e-type=\"column\">\n\t\t\t<div class=\"elementor-widget-wrap elementor-element-populated\">\n\t\t\t\t\t\t<div class=\"elementor-element elementor-element-67cb445b elementor-align-start elementor-widget__width-initial animated-fast elementor-icon-list--layout-traditional elementor-list-item-link-full_width elementor-invisible elementor-widget elementor-widget-icon-list\" data-id=\"67cb445b\" data-element_type=\"widget\" data-e-type=\"widget\" data-settings=\"{&quot;_animation&quot;:&quot;fadeInLeft&quot;}\" data-widget_type=\"icon-list.default\">\n\t\t\t\t<div class=\"elementor-widget-container\">\n\t\t\t\t\t\t\t<ul class=\"elementor-icon-list-items\">\n\t\t\t\t\t\t\t<li class=\"elementor-icon-list-item\">\n\t\t\t\t\t\t\t\t\t\t\t<a href=\"#title1\">\n\n\t\t\t\t\t\t\t\t\t\t\t<span class=\"elementor-icon-list-text\">ACESIBILIDAD<\/span>\n\t\t\t\t\t\t\t\t\t\t\t<\/a>\n\t\t\t\t\t\t\t\t\t<\/li>\n\t\t\t\t\t\t\t\t<li class=\"elementor-icon-list-item\">\n\t\t\t\t\t\t\t\t\t\t\t<a href=\"#title2\">\n\n\t\t\t\t\t\t\t\t\t\t\t<span class=\"elementor-icon-list-text\">SITUACI\u00d3N DE CUMPLIMIENTO<\/span>\n\t\t\t\t\t\t\t\t\t\t\t<\/a>\n\t\t\t\t\t\t\t\t\t<\/li>\n\t\t\t\t\t\t\t\t<li class=\"elementor-icon-list-item\">\n\t\t\t\t\t\t\t\t\t\t\t<a href=\"#title3\">\n\n\t\t\t\t\t\t\t\t\t\t\t<span class=\"elementor-icon-list-text\">CONTENIDO NO ACCESIBLE<\/span>\n\t\t\t\t\t\t\t\t\t\t\t<\/a>\n\t\t\t\t\t\t\t\t\t<\/li>\n\t\t\t\t\t\t\t\t<li class=\"elementor-icon-list-item\">\n\t\t\t\t\t\t\t\t\t\t\t<a href=\"#title4\">\n\n\t\t\t\t\t\t\t\t\t\t\t<span class=\"elementor-icon-list-text\">PREPARACI\u00d3N DE LA PRESENTE DECLARACI\u00d3N DE ACESIBILIDAD<\/span>\n\t\t\t\t\t\t\t\t\t\t\t<\/a>\n\t\t\t\t\t\t\t\t\t<\/li>\n\t\t\t\t\t\t\t\t<li class=\"elementor-icon-list-item\">\n\t\t\t\t\t\t\t\t\t\t\t<a href=\"#title5\">\n\n\t\t\t\t\t\t\t\t\t\t\t<span class=\"elementor-icon-list-text\">OBSERVACIONES Y DATOS DE CONTACTO<\/span>\n\t\t\t\t\t\t\t\t\t\t\t<\/a>\n\t\t\t\t\t\t\t\t\t<\/li>\n\t\t\t\t\t\t\t\t<li class=\"elementor-icon-list-item\">\n\t\t\t\t\t\t\t\t\t\t\t<a href=\"#title6\">\n\n\t\t\t\t\t\t\t\t\t\t\t<span class=\"elementor-icon-list-text\">PROCEDIMIENTO DE APLICACI\u00d3N<\/span>\n\t\t\t\t\t\t\t\t\t\t\t<\/a>\n\t\t\t\t\t\t\t\t\t<\/li>\n\t\t\t\t\t\t\t\t<li class=\"elementor-icon-list-item\">\n\t\t\t\t\t\t\t\t\t\t\t<a href=\"\/sitemap_index.xml\" rel=\"nofollow\">\n\n\t\t\t\t\t\t\t\t\t\t\t<span class=\"elementor-icon-list-text\">MAPA WEB<\/span>\n\t\t\t\t\t\t\t\t\t\t\t<\/a>\n\t\t\t\t\t\t\t\t\t<\/li>\n\t\t\t\t\t\t<\/ul>\n\t\t\t\t\t\t<\/div>\n\t\t\t\t<\/div>\n\t\t\t\t\t<\/div>\n\t\t<\/div>\n\t\t\t\t\t<\/div>\n\t\t<\/section>\n\t\t\t\t\t<\/div>\n\t\t<\/div>\n\t\t\t\t<div class=\"elementor-column elementor-col-33 elementor-top-column elementor-element elementor-element-5facf1ab acc__link--feat\" data-id=\"5facf1ab\" data-element_type=\"column\" data-e-type=\"column\">\n\t\t\t<div class=\"elementor-widget-wrap elementor-element-populated\">\n\t\t\t\t\t\t<div class=\"elementor-element elementor-element-2a4ff58 elementor-widget elementor-widget-heading\" data-id=\"2a4ff58\" data-element_type=\"widget\" data-e-type=\"widget\" id=\"title1\" data-widget_type=\"heading.default\">\n\t\t\t\t<div class=\"elementor-widget-container\">\n\t\t\t\t\t<h2 class=\"elementor-heading-title elementor-size-default\">ACCESIBILIDAD<\/h2>\t\t\t\t<\/div>\n\t\t\t\t<\/div>\n\t\t\t\t<div class=\"elementor-element elementor-element-10301ae7 elementor-widget elementor-widget-text-editor\" data-id=\"10301ae7\" data-element_type=\"widget\" data-e-type=\"widget\" id=\"title1\" data-widget_type=\"text-editor.default\">\n\t\t\t\t<div class=\"elementor-widget-container\">\n\t\t\t\t\t\t\t\t\t<p>Justinsurance se ha comprometido a hacer accesible su sitio web de conformidad con el <a style=\"color: #003049;\" href=\"https:\/\/www.boe.es\/diario_boe\/txt.php?id=BOE-A-2018-12699\" target=\"_blank\" rel=\"noopener\"><em>Real Decreto 1112\/2018, de 7 de septiembre, sobre accesibilidad de los sitios web y aplicaciones para dispositivos m\u00f3viles del sector p\u00fablico.<\/em><\/a><\/p><p>La presente declaraci\u00f3n de accesibilidad se aplica al sitio web https:\/\/justinsurance.es\/<\/p>\t\t\t\t\t\t\t\t<\/div>\n\t\t\t\t<\/div>\n\t\t\t\t<div class=\"elementor-element elementor-element-6abd23a1 elementor-widget elementor-widget-heading\" data-id=\"6abd23a1\" data-element_type=\"widget\" data-e-type=\"widget\" id=\"title2\" data-widget_type=\"heading.default\">\n\t\t\t\t<div class=\"elementor-widget-container\">\n\t\t\t\t\t<h2 class=\"elementor-heading-title elementor-size-default\">SITUACI\u00d3N DE CUMPLIMIENTO<\/h2>\t\t\t\t<\/div>\n\t\t\t\t<\/div>\n\t\t\t\t<div class=\"elementor-element elementor-element-543970ab elementor-widget elementor-widget-text-editor\" data-id=\"543970ab\" data-element_type=\"widget\" data-e-type=\"widget\" data-widget_type=\"text-editor.default\">\n\t\t\t\t<div class=\"elementor-widget-container\">\n\t\t\t\t\t\t\t\t\tEste sitio web es plenamente conforme con el RD 1112\/2018\t\t\t\t\t\t\t\t<\/div>\n\t\t\t\t<\/div>\n\t\t\t\t<div class=\"elementor-element elementor-element-62e5a688 elementor-widget elementor-widget-heading\" data-id=\"62e5a688\" data-element_type=\"widget\" data-e-type=\"widget\" id=\"title3\" data-widget_type=\"heading.default\">\n\t\t\t\t<div class=\"elementor-widget-container\">\n\t\t\t\t\t<h2 class=\"elementor-heading-title elementor-size-default\">CONTENIDO NO ACCESIBLE<\/h2>\t\t\t\t<\/div>\n\t\t\t\t<\/div>\n\t\t\t\t<div class=\"elementor-element elementor-element-1564ecce elementor-widget elementor-widget-text-editor\" data-id=\"1564ecce\" data-element_type=\"widget\" data-e-type=\"widget\" data-widget_type=\"text-editor.default\">\n\t\t\t\t<div class=\"elementor-widget-container\">\n\t\t\t\t\t\t\t\t\t<p>El contenido que se recoge a continuaci\u00f3n no es accesible por lo siguiente:<\/p><ol><li>El contenido no entra dentro del \u00e1mbito de la legislaci\u00f3n aplicable:<ul><li>En alg\u00fan momento puntual pueden haber documentos PDF que no sean totalmente accesibles.<\/li><li>9.1.3.5 Identificaci\u00f3n del prop\u00f3sito de la entrada (Condicional)<\/li><li>9.1.4.3 Contraste (m\u00ednimo) (Condicional)<\/li><li>9.2.4.1 Evitar bloques (Condicional)<\/li><li>11.8.3 Preservaci\u00f3n de la informaci\u00f3n de accesibilidad durante las transformaciones (Condicional)<\/li><li>11.8.4 Servicio de reparaci\u00f3n (Condicional)<\/li><li>12.2.3 Comunicaci\u00f3n efectiva<\/li><li>12.2.4 Documentaci\u00f3n accesible<\/li><\/ul><\/li><li>Carga desproporcionada.<ul><li>No aplica.<\/li><\/ul><\/li><\/ol>\t\t\t\t\t\t\t\t<\/div>\n\t\t\t\t<\/div>\n\t\t\t\t<div class=\"elementor-element elementor-element-5244ce0d elementor-widget elementor-widget-heading\" data-id=\"5244ce0d\" data-element_type=\"widget\" data-e-type=\"widget\" id=\"title4\" data-widget_type=\"heading.default\">\n\t\t\t\t<div class=\"elementor-widget-container\">\n\t\t\t\t\t<h2 class=\"elementor-heading-title elementor-size-default\">PREPARACI\u00d3N DE LA PRESENTE DECLARACI\u00d3N DE ACCESIBILIDAD<\/h2>\t\t\t\t<\/div>\n\t\t\t\t<\/div>\n\t\t\t\t<div class=\"elementor-element elementor-element-314dac27 elementor-widget elementor-widget-text-editor\" data-id=\"314dac27\" data-element_type=\"widget\" data-e-type=\"widget\" data-widget_type=\"text-editor.default\">\n\t\t\t\t<div class=\"elementor-widget-container\">\n\t\t\t\t\t\t\t\t\t<p>La presente declaraci\u00f3n fue preparada el 07 de agosto de 2023.<\/p><p>El m\u00e9todo empleado para preparar la declaraci\u00f3n ha sido una autoevaluaci\u00f3n llevada a cabo por <a style=\"color: #003049;\" href=\"https:\/\/www.acceseo.com\/\" target=\"_blank\" rel=\"noopener\">acceseo.com<\/a>.<\/p><p>\u00daltima revisi\u00f3n de la declaraci\u00f3n: 07 de agosto de 2023.<\/p>\t\t\t\t\t\t\t\t<\/div>\n\t\t\t\t<\/div>\n\t\t\t\t<div class=\"elementor-element elementor-element-50e7b934 elementor-widget elementor-widget-heading\" data-id=\"50e7b934\" data-element_type=\"widget\" data-e-type=\"widget\" id=\"title5\" data-widget_type=\"heading.default\">\n\t\t\t\t<div class=\"elementor-widget-container\">\n\t\t\t\t\t<h2 class=\"elementor-heading-title elementor-size-default\">OBSERVACIONES Y DATOS DE CONTACTO<\/h2>\t\t\t\t<\/div>\n\t\t\t\t<\/div>\n\t\t\t\t<div class=\"elementor-element elementor-element-19693000 elementor-widget elementor-widget-text-editor\" data-id=\"19693000\" data-element_type=\"widget\" data-e-type=\"widget\" data-widget_type=\"text-editor.default\">\n\t\t\t\t<div class=\"elementor-widget-container\">\n\t\t\t\t\t\t\t\t\t<ul><li>Puede realizar comunicaciones sobre requisitos de accesibilidad (art\u00edculo 10.2.a) del RD 1112\/2018) como por ejemplo:<ul><li>Informar sobre cualquier posible incumplimiento por parte de este sitio web.<\/li><li>Transmitir otras dificultades de acceso al contenido.<\/li><li>Formular cualquier otra consulta o sugerencia de mejora relativa a la accesibilidad del sitio web.<\/li><\/ul><\/li><\/ul><p>A trav\u00e9s del siguiente <a style=\"color: #003049;\" href=\"https:\/\/justinsurance.es\/contacto\/\" target=\"_blank\" rel=\"noopener\">formulario de contacto<\/a> o llamando al tel\u00e9fono +34 865 443 169.<\/p><ul><li>Puede presentar:<ul><li>Una Queja relativa al cumplimiento de los requisitos del RD 1112\/2018 o<\/li><li>Una Solicitud de Informaci\u00f3n accesible relativa a:<ul><li>contenidos que est\u00e1n excluidos del \u00e1mbito de aplicaci\u00f3n del RD 1112\/2018 seg\u00fan lo establecido por el art\u00edculo 3, apartado 4.<\/li><li>contenidos que est\u00e1n exentos del cumplimiento de los requisitos de accesibilidad por imponer una carga desproporcionada.<\/li><\/ul><\/li><\/ul><\/li><\/ul><p>En la Solicitud de informaci\u00f3n accesible, se debe concretar, con toda claridad, los hechos, las razones y la petici\u00f3n que permitan constatar que se trata de una solicitud razonable y leg\u00edtima.<\/p><p>A trav\u00e9s de las opciones recogidas en la Ley 39\/2015, de 1 de octubre, del Procedimiento Administrativo Com\u00fan de las Administraciones P\u00fablicas.<\/p><p>Las comunicaciones, quejas y solicitudes de informaci\u00f3n accesible ser\u00e1n recibidas y tratadas por el departamento responsable de cada una de las \u00e1reas establecidas en la web.<\/p>\t\t\t\t\t\t\t\t<\/div>\n\t\t\t\t<\/div>\n\t\t\t\t<div class=\"elementor-element elementor-element-2b31b474 elementor-widget elementor-widget-heading\" data-id=\"2b31b474\" data-element_type=\"widget\" data-e-type=\"widget\" id=\"title6\" data-widget_type=\"heading.default\">\n\t\t\t\t<div class=\"elementor-widget-container\">\n\t\t\t\t\t<h2 class=\"elementor-heading-title elementor-size-default\">PROCEDIMENTO DE APLICACI\u00d3N<\/h2>\t\t\t\t<\/div>\n\t\t\t\t<\/div>\n\t\t\t\t<div class=\"elementor-element elementor-element-7e6e3b16 elementor-widget elementor-widget-text-editor\" data-id=\"7e6e3b16\" data-element_type=\"widget\" data-e-type=\"widget\" data-widget_type=\"text-editor.default\">\n\t\t\t\t<div class=\"elementor-widget-container\">\n\t\t\t\t\t\t\t\t\t<p>Si una vez realizada una solicitud de informaci\u00f3n accesible o queja, \u00e9sta hubiera sido desestimada, no se estuviera de acuerdo con la decisi\u00f3n adoptada, o la respuesta no cumpliera los requisitos contemplados en el art\u00edculo 12.5, la persona interesada podr\u00e1 iniciar una reclamaci\u00f3n. Igualmente se podr\u00e1 iniciar una reclamaci\u00f3n en el caso de que haya trascurrido el plazo de veinte d\u00edas h\u00e1biles sin haber obtenido respuesta. Igualemte, se podr\u00e1 iniciar una reclamaci\u00f3n en el caso que haya transcurrido el t\u00e9rmino de los veinte d\u00edas h\u00e1bilies sin haber obtenido ninguna respuesta.<\/p><p>La reclamaci\u00f3n puede ser presentada trav\u00e9s de las\u00a0opciones recogidas en la Ley 39\/2015, de 1 de octubre, del Procedimiento Administrativo Com\u00fan de las Administraciones P\u00fablicas.<\/p>\t\t\t\t\t\t\t\t<\/div>\n\t\t\t\t<\/div>\n\t\t\t\t\t<\/div>\n\t\t<\/div>\n\t\t\t\t<div class=\"elementor-column elementor-col-33 elementor-top-column elementor-element elementor-element-5f91d5f2 elementor-hidden-laptop elementor-hidden-tablet_extra elementor-hidden-tablet elementor-hidden-mobile_extra elementor-hidden-mobile\" data-id=\"5f91d5f2\" data-element_type=\"column\" data-e-type=\"column\">\n\t\t\t<div class=\"elementor-widget-wrap\">\n\t\t\t\t\t\t\t<\/div>\n\t\t<\/div>\n\t\t\t\t\t<\/div>\n\t\t<\/section>\n\t\t\t\t<\/div>\n\t\t","protected":false},"excerpt":{"rendered":"<p>Inicio \/ Declaraci\u00f3n de Accesibilidad Declaraci\u00f3n de Accesibilidad ACESIBILIDAD SITUACI\u00d3N DE CUMPLIMIENTO CONTENIDO NO ACCESIBLE PREPARACI\u00d3N DE LA PRESENTE DECLARACI\u00d3N DE ACESIBILIDAD OBSERVACIONES Y DATOS DE CONTACTO PROCEDIMIENTO DE APLICACI\u00d3N MAPA WEB ACCESIBILIDAD Justinsurance se ha comprometido a hacer accesible su sitio web de conformidad con el Real Decreto 1112\/2018, de 7 de septiembre, sobre [&hellip;]<\/p>\n","protected":false},"author":1,"featured_media":0,"parent":0,"menu_order":0,"comment_status":"closed","ping_status":"closed","template":"","meta":{"footnotes":""},"class_list":["post-5757","page","type-page","status-publish","hentry"],"_links":{"self":[{"href":"https:\/\/justinsurance.es\/nl\/wp-json\/wp\/v2\/pages\/5757","targetHints":{"allow":["GET"]}}],"collection":[{"href":"https:\/\/justinsurance.es\/nl\/wp-json\/wp\/v2\/pages"}],"about":[{"href":"https:\/\/justinsurance.es\/nl\/wp-json\/wp\/v2\/types\/page"}],"author":[{"embeddable":true,"href":"https:\/\/justinsurance.es\/nl\/wp-json\/wp\/v2\/users\/1"}],"replies":[{"embeddable":true,"href":"https:\/\/justinsurance.es\/nl\/wp-json\/wp\/v2\/comments?post=5757"}],"version-history":[{"count":29,"href":"https:\/\/justinsurance.es\/nl\/wp-json\/wp\/v2\/pages\/5757\/revisions"}],"predecessor-version":[{"id":8493,"href":"https:\/\/justinsurance.es\/nl\/wp-json\/wp\/v2\/pages\/5757\/revisions\/8493"}],"wp:attachment":[{"href":"https:\/\/justinsurance.es\/nl\/wp-json\/wp\/v2\/media?parent=5757"}],"curies":[{"name":"wp","href":"https:\/\/api.w.org\/{rel}","templated":true}]}}