{"id":8239,"date":"2022-08-29T09:56:39","date_gmt":"2022-08-29T07:56:39","guid":{"rendered":"https:\/\/justinsurance.es\/politica-de-privacidad\/"},"modified":"2025-07-23T14:00:45","modified_gmt":"2025-07-23T12:00:45","slug":"politica-de-privacidad","status":"publish","type":"page","link":"https:\/\/justinsurance.es\/fr\/politica-de-privacidad\/","title":{"rendered":"Pol\u00edtica de privacidad"},"content":{"rendered":"\t\t<div data-elementor-type=\"wp-page\" data-elementor-id=\"8239\" class=\"elementor elementor-8239 elementor-11\" data-elementor-post-type=\"page\">\n\t\t\t\t\t\t<section class=\"elementor-section elementor-top-section elementor-element elementor-element-a8a05fb elementor-section-boxed elementor-section-height-default elementor-section-height-default\" data-id=\"a8a05fb\" data-element_type=\"section\" data-e-type=\"section\">\n\t\t\t\t\t\t<div class=\"elementor-container elementor-column-gap-default\">\n\t\t\t\t\t<div class=\"elementor-column elementor-col-100 elementor-top-column elementor-element elementor-element-1add604\" data-id=\"1add604\" data-element_type=\"column\" data-e-type=\"column\">\n\t\t\t<div class=\"elementor-widget-wrap elementor-element-populated\">\n\t\t\t\t\t\t<div class=\"elementor-element elementor-element-fcb9249 breadcrumb--widget animated-fast elementor-invisible elementor-widget elementor-widget-shortcode\" data-id=\"fcb9249\" data-element_type=\"widget\" data-e-type=\"widget\" data-settings=\"{&quot;_animation&quot;:&quot;fadeInUp&quot;}\" data-widget_type=\"shortcode.default\">\n\t\t\t\t<div class=\"elementor-widget-container\">\n\t\t\t\t\t\t\t<div class=\"elementor-shortcode\"><nav aria-label=\"breadcrumbs\" class=\"rank-math-breadcrumb\"><p><span class=\"last\">Home<\/span><\/p><\/nav><\/div>\n\t\t\t\t\t\t<\/div>\n\t\t\t\t<\/div>\n\t\t\t\t<div class=\"elementor-element elementor-element-500f6b0 animated-fast primary--link elementor-invisible elementor-widget elementor-widget-text-editor\" data-id=\"500f6b0\" data-element_type=\"widget\" data-e-type=\"widget\" data-settings=\"{&quot;_animation&quot;:&quot;fadeIn&quot;}\" data-widget_type=\"text-editor.default\">\n\t\t\t\t<div class=\"elementor-widget-container\">\n\t\t\t\t\t\t\t\t\t<header class=\"entry-header\">\n<p class=\"entry-title\"><span style=\"font-size: 16px;\">Aceptando la pol\u00edtica de privacidad de la web usted consiente en que sus datos sean usados por TOURIST-BROKER CORREDUR\u00cdA DE SEGUROS SL, entidad domiciliada en calle Gerona 13 1\u00ba, local 23, Benidorm 03503, y con CIF n\u00famero B54311048, con la finalidad de que podamos ponernos en contacto con usted y\/o atender a su solicitud.<\/span><\/p>\n<\/header>\n<div class=\"entry-content\">\n<p>En el caso de que no nos d\u00e9 consentimiento para usar sus datos personales no podremos cumplir con la finalidad indicada.<\/p>\n<p>Los datos personales tratados son datos identificativos y aquella informaci\u00f3n personal que usted pueda introducir en el formulario de contacto.<\/p>\n<p>Usted responder\u00e1 de la veracidad de los datos personales facilitados y la entidad se reserva el derecho a excluir de los servicios ofrecidos a todo usuario de la web que haya facilitado datos falsos o err\u00f3neos, sin perjuicio de las dem\u00e1s acciones que procedan en Derecho.<\/p>\n<p>Cuando los datos personales sean recabados de un formulario ser\u00e1 necesario que usted aporte todos aquellos que sean obligatorios ya que de lo contrario no podremos gestionar su petici\u00f3n.<\/p>\n<p>Sus datos personales ser\u00e1n cedidos a entidades aseguradoras en el caso de suscribir una p\u00f3liza con las mismas.<\/p>\n<p>Sus datos personales ser\u00e1n cancelados cuando hayan dejado de ser necesarios para la finalidad para la que fueron recabados.<\/p>\n<p>Usted tiene derecho a retirar su consentimiento en cualquier momento para que dejemos de usar sus datos personales y si considera que sus derechos son vulnerados puede presentar una reclamaci\u00f3n ante la Agencia Espa\u00f1ola de Protecci\u00f3n de Datos.<\/p>\n<p>En el caso de que no acepte que usemos sus datos personales o retire su consentimiento no podremos prestarle nuestros servicios.<\/p>\n<p>Le rogamos que en el caso de producirse alguna modificaci\u00f3n de sus datos personales nos lo comunique en la direcci\u00f3n que consta m\u00e1s abajo, con la finalidad de mantener su informaci\u00f3n actualizada.<\/p>\n<p>Le informamos que podr\u00e1 ejercer sus derechos de acceso a los datos, de rectificaci\u00f3n o supresi\u00f3n de los datos, de limitaci\u00f3n del uso de los datos, de oposici\u00f3n del uso de los datos y de portabilidad de los datos remitiendo su solicitud por escrito en la direcci\u00f3n de correo electr\u00f3nico\u00a0<a href=\"mailto:info@tourist-broker.com\">info@tourist-broker.com<\/a><\/p>\n<\/div>\n\t\t\t\t\t\t\t\t<\/div>\n\t\t\t\t<\/div>\n\t\t\t\t\t<\/div>\n\t\t<\/div>\n\t\t\t\t\t<\/div>\n\t\t<\/section>\n\t\t\t\t<\/div>\n\t\t","protected":false},"excerpt":{"rendered":"<p>Aceptando la pol\u00edtica de privacidad de la web usted consiente en que sus datos sean usados por TOURIST-BROKER CORREDUR\u00cdA DE SEGUROS SL, entidad domiciliada en calle Gerona 13 1\u00ba, local 23, Benidorm 03503, y con CIF n\u00famero B54311048, con la finalidad de que podamos ponernos en contacto con usted y\/o atender a su solicitud. En [&hellip;]<\/p>\n","protected":false},"author":1,"featured_media":0,"parent":0,"menu_order":0,"comment_status":"closed","ping_status":"closed","template":"","meta":{"footnotes":""},"class_list":["post-8239","page","type-page","status-publish","hentry"],"_links":{"self":[{"href":"https:\/\/justinsurance.es\/fr\/wp-json\/wp\/v2\/pages\/8239","targetHints":{"allow":["GET"]}}],"collection":[{"href":"https:\/\/justinsurance.es\/fr\/wp-json\/wp\/v2\/pages"}],"about":[{"href":"https:\/\/justinsurance.es\/fr\/wp-json\/wp\/v2\/types\/page"}],"author":[{"embeddable":true,"href":"https:\/\/justinsurance.es\/fr\/wp-json\/wp\/v2\/users\/1"}],"replies":[{"embeddable":true,"href":"https:\/\/justinsurance.es\/fr\/wp-json\/wp\/v2\/comments?post=8239"}],"version-history":[{"count":2,"href":"https:\/\/justinsurance.es\/fr\/wp-json\/wp\/v2\/pages\/8239\/revisions"}],"predecessor-version":[{"id":8501,"href":"https:\/\/justinsurance.es\/fr\/wp-json\/wp\/v2\/pages\/8239\/revisions\/8501"}],"wp:attachment":[{"href":"https:\/\/justinsurance.es\/fr\/wp-json\/wp\/v2\/media?parent=8239"}],"curies":[{"name":"wp","href":"https:\/\/api.w.org\/{rel}","templated":true}]}}