{"id":8189,"date":"2022-10-13T10:23:26","date_gmt":"2022-10-13T08:23:26","guid":{"rendered":"https:\/\/justinsurance.es\/aviso-legal\/"},"modified":"2025-07-23T13:56:05","modified_gmt":"2025-07-23T11:56:05","slug":"aviso-legal","status":"publish","type":"page","link":"https:\/\/justinsurance.es\/de\/aviso-legal\/","title":{"rendered":"Aviso legal"},"content":{"rendered":"\t\t<div data-elementor-type=\"wp-page\" data-elementor-id=\"8189\" class=\"elementor elementor-8189 elementor-575\" data-elementor-post-type=\"page\">\n\t\t\t\t\t\t<section class=\"elementor-section elementor-top-section elementor-element elementor-element-d1e681c elementor-section-boxed elementor-section-height-default elementor-section-height-default\" data-id=\"d1e681c\" data-element_type=\"section\" data-e-type=\"section\">\n\t\t\t\t\t\t<div class=\"elementor-container elementor-column-gap-default\">\n\t\t\t\t\t<div class=\"elementor-column elementor-col-100 elementor-top-column elementor-element elementor-element-6de06de\" data-id=\"6de06de\" data-element_type=\"column\" data-e-type=\"column\">\n\t\t\t<div class=\"elementor-widget-wrap elementor-element-populated\">\n\t\t\t\t\t\t<div class=\"elementor-element elementor-element-7983958 breadcrumb--widget animated-fast elementor-invisible elementor-widget elementor-widget-shortcode\" data-id=\"7983958\" data-element_type=\"widget\" data-e-type=\"widget\" data-settings=\"{&quot;_animation&quot;:&quot;fadeInUp&quot;}\" data-widget_type=\"shortcode.default\">\n\t\t\t\t<div class=\"elementor-widget-container\">\n\t\t\t\t\t\t\t<div class=\"elementor-shortcode\"><nav aria-label=\"breadcrumbs\" class=\"rank-math-breadcrumb\"><p><span class=\"last\">Home<\/span><\/p><\/nav><\/div>\n\t\t\t\t\t\t<\/div>\n\t\t\t\t<\/div>\n\t\t\t\t<div class=\"elementor-element elementor-element-b4b2501 animated-fast elementor-invisible elementor-widget elementor-widget-text-editor\" data-id=\"b4b2501\" data-element_type=\"widget\" data-e-type=\"widget\" data-settings=\"{&quot;_animation&quot;:&quot;fadeIn&quot;}\" data-widget_type=\"text-editor.default\">\n\t\t\t\t<div class=\"elementor-widget-container\">\n\t\t\t\t\t\t\t\t\t<p><strong>TOURIST-BROKER CORREDUR\u00cdA DE SEGUROS SL<\/strong>, (en adelante, \u201c<strong>Tourist-Broker<\/strong>\u201d), en asociado del GRUPO WILLIS. Sus oficinas centrales est\u00e1n situadas en la Calle Gerona 13, Centro Comercial La Noria, 1\u00ba planta, local 23-24 (03503) Benidorm, con n\u00famero de CIF B54311048, inscrita en el Registro Mercantil de Alicante al tomo 3.263, folio 88, hoja A-110831, inscripci\u00f3n 1\u00aa<span style=\"color: var( --e-global-color-text ); background-color: var( --e-global-color-90058ca );\">.&nbsp;<\/span><span style=\"background-color: var( --e-global-color-90058ca );\">La Corredur\u00eda est\u00e1 inscrita en el Registro administrativo de distribuidores de seguros y reaseguros, con n\u00famero de&nbsp;<\/span><span style=\"color: var( --e-global-color-text ); background-color: var( --e-global-color-90058ca );\">registro \u201cclave\u201d J4362. Dicho Registro es p\u00fablico y puede ser consultado remitiendo escrito a la Direcci\u00f3n General de&nbsp;<\/span><span style=\"color: var( --e-global-color-text ); background-color: var( --e-global-color-90058ca );\">Seguros y Fondos de Pensiones, o bien consultando la p\u00e1gina web de la misma:&nbsp;<\/span><span style=\"color: var( --e-global-color-text ); background-color: var( --e-global-color-90058ca );\">http:\/\/www.dgsfp.mineco.es\/es\/Distribuidores\/PUI\/Paginas\/default.aspx<\/span><\/p><br><p><strong>JUST INSURANCE<\/strong>&nbsp;es una marca comercial de TOURIST-BROKER CORREDUR\u00cdA DE SEGUROS SL.<br>Podr\u00e1 ponerse en contacto con Tourist-Broker o bien en la direcci\u00f3n postal indicada o a trav\u00e9s del correo electr\u00f3nico info@justinsurance.es.<\/p><br><p><strong>PROPIEDAD INTELECTUAL E INDUSTRIAL<\/strong><br>Los contenidos que alberga esta p\u00e1gina web est\u00e1n protegidos por la legislaci\u00f3n vigente en materia de propiedad intelectual. Se proh\u00edbe expresamente la copia, modificaci\u00f3n, reproducci\u00f3n, descarga, transmisi\u00f3n, distribuci\u00f3n o transformaci\u00f3n de los contenidos de la p\u00e1gina web sin la previa autorizaci\u00f3n del titular de los correspondientes derechos o si no se encuentra legalmente permitido.<br>El acceso no presupone la adquisici\u00f3n por parte de los usuarios de derecho de propiedad sobre los contenidos que figuran en el sitio web.<br>Cualquier usuario informar\u00e1 inmediatamente al editor si tuviera conocimiento de cualquier infracci\u00f3n de los derechos de propiedad industrial o intelectual de esta p\u00e1gina web de los que hubiera tenido conocimiento, y le prestar\u00e1 toda su colaboraci\u00f3n en la defensa de tales derechos.<\/p><br><p><strong>NORMAS PARA EL USO DE LA P\u00c1GINA WEB Y DEL BLOG<\/strong><br>La finalidad de esta p\u00e1gina web es la comercializaci\u00f3n de seguros. A trav\u00e9s del Blog, JUST INSURANCE facilita al usuario informaci\u00f3n \u00fatil y una v\u00eda r\u00e1pida de comunicaci\u00f3n con el usuario.<br>La utilizaci\u00f3n de ciertos servicios ofrecidos puede estar sometida a condiciones del uso de la p\u00e1gina web propias, que se especificar\u00e1n en cada caso y que podr\u00e1n, seg\u00fan el caso, sustituir, completar o modificar las presentes.<\/p><br><p><strong>OBLIGACIONES Y PROHIBICIONES DEL USUARIO<\/strong><br>El uso de la p\u00e1gina web implica que el usuario ha le\u00eddo y acepta sin reservas las disposiciones incluidas en las condiciones generales publicadas en el momento de la navegaci\u00f3n.<\/p><br><p>Son obligaciones de los usuarios de esta p\u00e1gina web:<br>\u2022 Hacer un uso diligente de la misma y de los servicios accesibles, con total sujeci\u00f3n al ordenamiento jur\u00eddico, a las buenas costumbres y a la totalidad de las condiciones generales de esta p\u00e1gina web.<br>\u2022 Toda la informaci\u00f3n que facilite el usuario a trav\u00e9s de los servicios deber\u00e1 ser veraz. A estos efectos, el usuario garantiza la autenticidad de todos aquellos datos que comunique como consecuencia de la cumplimentaci\u00f3n de los formularios necesarios para la suscripci\u00f3n de los servicios.<br>\u2022 De igual forma, ser\u00e1 responsabilidad del usuario mantener toda la informaci\u00f3n facilitada al editor permanentemente actualizada, de forma que responda en cada momento a su situaci\u00f3n real. En todo caso, el usuario ser\u00e1 el \u00fanico responsable de las manifestaciones falsas o inexactas que realice y de los perjuicios que cause al editor o a terceros por la informaci\u00f3n que facilite.<br>En concreto, se proh\u00edbe a los usuarios de la p\u00e1gina web las siguientes acciones:<br>\u2022 Hacer un uso de la p\u00e1gina web ligado a una actividad ilegal o que atente contra la imagen del mismo o de terceros.<br>\u2022 Utilizar contenidos protegidos legalmente (como pueden ser contenidos protegidos por la legislaci\u00f3n relativa a la propiedad intelectual, a marcas, a patentes, a modelos de utilidad o a modelos est\u00e9ticos) sin tener derecho a ello.<br>\u2022 Utilizar mecanismos, software o scripts en la utilizaci\u00f3n de la p\u00e1gina web.<br>\u2022 Bloquear, sobrescribir, modificar o copiar, a no ser que ello sea necesario para la correcta utilizaci\u00f3n de los servicios de los sitios web. Por ejemplo, el copiado mediante tecnolog\u00edas de buscador tipo \u201cRobot\/Crawler\u201d no es necesario para la correcta utilizaci\u00f3n de los servicios de la p\u00e1gina web, por lo que est\u00e1 prohibido expresamente.<br>\u2022 Difundir, reproducir o comunicar p\u00fablicamente contenidos de la p\u00e1gina web, de usuarios o de terceros, sin la autorizaci\u00f3n previa del titular de los derechos.<br>\u2022 Toda acci\u00f3n apta para perjudicar la funcionalidad de la infraestructura de la p\u00e1gina web, especialmente para sobrecargarla.<br>\u2022 Utilizar cualquiera de los materiales e informaciones contenidos en esta p\u00e1gina web con fines il\u00edcitos y expresamente prohibidos en las condiciones legales de la p\u00e1gina web o que resulten contrarios a los derechos e intereses de Tourist-Broker, sus miembros y\/o terceros, debiendo responder el infractor frente al o los perjudicados en caso de contravenir o incumplir dichas obligaciones.<br>\u2022 Inutilizar, sobrecargar, deteriorar o impedir el normal funcionamiento de los materiales e informaciones contenidos en esta p\u00e1gina web, los sistemas de informaci\u00f3n o los documentos, archivos y toda clase de contenidos almacenados en cualquier equipo inform\u00e1tico de Tourist-Broker, de sus miembros o de cualquier usuario.<br>\u2022 Utilizar en la p\u00e1gina web contenidos il\u00edcitos, injuriosos, calumniosos, que contravengan la buena fe, pornogr\u00e1ficos o que vulneren las leyes de protecci\u00f3n de menores.<br>\u2022 Molestar a otros usuarios (especialmente mediante spam).<br>\u2022 Ofrecer o distribuir bienes o servicios protegidos legalmente.<br>\u2022 Publicar contenidos que no re\u00fanan los par\u00e1metros de calidad establecidos por Tourist-Broker, que atenten contra los derechos fundamentales de las personas, falten a la cortes\u00eda, molesten o puedan generar opiniones negativas en nuestros usuarios o terceros y, en general, cualquier contenido que Tourist-Broker considere no apropiado.<br>\u2022 Realizar o fomentar acciones contrarias a la libre competencia (incluidas las encaminadas a la captaci\u00f3n de usuarios progresiva, como sistemas en cadena, de bola de nieve o piramidales), etc..<br>\u2022 En general, publicar contenidos que contravengan los principios de legalidad, honradez, responsabilidad, protecci\u00f3n de la dignidad humana, protecci\u00f3n de menores, protecci\u00f3n del orden p\u00fablico, la protecci\u00f3n de la vida privada, la protecci\u00f3n del consumidor y los derechos de propiedad intelectual e industrial.<br>El usuario de la p\u00e1gina web que incumpla cualquiera de las precedentes obligaciones o prohibiciones responder\u00e1 de todos los da\u00f1os y perjuicios causados tanto frente al editor como frente a terceros.<br>JUST INSURANCE se reserva el derecho a denegar o retirar al usuario el acceso a nuestro Blog, en cualquier momento y sin necesidad de preaviso, si el mismo incumple las normas que se establecen en cualquiera de los apartados de estas \u00abObligaciones y prohibiciones del usuario\u201d.<\/p><br><p><strong>RESPONSABILIDADES DE TOURIST-BROKER Y FUNCIONAMINETO DE LA P\u00c1GINA WEB<\/strong><br>Todo el contenido de esta p\u00e1gina web est\u00e1 regulado conforme a las exigencias de la buena fe.<br>Tourist-Broker podr\u00e1, cuando lo considere conveniente, realizar correcciones, mejoras o modificaciones en toda la informaci\u00f3n contenida en la p\u00e1gina web, sin que ello d\u00e9 derecho a reclamaci\u00f3n alguna de tal modo que las condiciones generales del uso de la web ser\u00e1n de obligado cumplimiento mientras est\u00e1n publicadas en esta web. Tourist-Broker se reserva el derecho a descatalogar y\/o modificar caracter\u00edsticas de la p\u00e1gina web.<br>Tourist-Broker podr\u00e1 eliminar de esta p\u00e1gina web todo aquel contenido ilegal, ofensivo o contrario a la moral o al orden p\u00fablico, as\u00ed como aquellos contenidos que considere no apropiados a las caracter\u00edsticas y finalidades de la p\u00e1gina web, cuando lo estime conveniente y sin previo aviso.<\/p><br><p>Obligaciones de Tourist-Broker:<br>\u2022 Implementar las sucesivas mejoras t\u00e9cnicas en el servicio.<br>\u2022 Ofrecer sus servicios con objetividad, \u00e9tica y transparencia.<br>Tourist-Broker no se hace responsable:<br>\u2022 De la informaci\u00f3n a la dirijan a los usuarios de esta p\u00e1gina web mediante enlaces a otros contenidos o que incluyan en los suyos directorios o instrumentos de b\u00fasqueda de contenidos. En ning\u00fan caso Tourist-Broker procede o ha procedido a examinar o ejercitar ning\u00fan control sobre su contenido.<br>\u2022 De cualquier informaci\u00f3n proporcionada por terceros de forma err\u00f3nea en la p\u00e1gina web cuando el hecho no sea imputable al editor.<br>\u2022 De la baja del sistema por cualquier causa t\u00e9cnica no imputable al editor.<br>\u2022 Del acceso no autorizado a la p\u00e1gina web de tal modo que se produzca una alteraci\u00f3n, robo o destrucci\u00f3n de informaci\u00f3n contenida en la p\u00e1gina web o de la p\u00e1gina web misma, por accidente o por actos fraudulentos no imputables al editor.<br>\u2022 De cualquier reclamaci\u00f3n atribuible a errores, omisiones o cualquier imprecisi\u00f3n en la informaci\u00f3n proporcionada en la p\u00e1gina web no imputable al editor.<\/p><br><p><strong>PRECIO POR EL USO DE LA P\u00c1GINA WEB<\/strong><br>El uso de esta p\u00e1gina web es totalmente gratuito.<\/p><br><p><span style=\"font-weight: bolder; font-style: normal; font-variant-ligatures: normal; font-variant-caps: normal; font-size: 18px; font-family: Ubuntu, sans-serif;\">INFORMACI\u00d3N SOBRE QUEJAS Y RECLAMACIONES<\/span><br><\/p><p>En caso de queja o reclamaci\u00f3n respecto de la actuaci\u00f3n de la corredur\u00eda, podr\u00e1 dirigirse a su Servicio de Atenci\u00f3n al&nbsp;<span style=\"color: var( --e-global-color-text ); background-color: var( --e-global-color-90058ca );\">Cliente en la siguiente direcci\u00f3n: C\/ La Paz, n\u00ba 2, bajo 36202 \u2013 Vigo (Pontevedra) y correo electr\u00f3nico&nbsp;<\/span><span style=\"color: var( --e-global-color-text ); background-color: var( --e-global-color-90058ca );\">atencioncliente@inade.org. Dicho Servicio tiene la obligaci\u00f3n de resolver las queja o reclamaciones en el plazo m\u00e1ximo&nbsp;<\/span><span style=\"color: var( --e-global-color-text ); background-color: var( --e-global-color-90058ca );\">de dos meses desde la fecha de presentaci\u00f3n.<\/span><\/p>\t\t\t\t\t\t\t\t<\/div>\n\t\t\t\t<\/div>\n\t\t\t\t\t<\/div>\n\t\t<\/div>\n\t\t\t\t\t<\/div>\n\t\t<\/section>\n\t\t\t\t<\/div>\n\t\t","protected":false},"excerpt":{"rendered":"<p>TOURIST-BROKER CORREDUR\u00cdA DE SEGUROS SL, (en adelante, \u201cTourist-Broker\u201d), en asociado del GRUPO WILLIS. Sus oficinas centrales est\u00e1n situadas en la Calle Gerona 13, Centro Comercial La Noria, 1\u00ba planta, local 23-24 (03503) Benidorm, con n\u00famero de CIF B54311048, inscrita en el Registro Mercantil de Alicante al tomo 3.263, folio 88, hoja A-110831, inscripci\u00f3n 1\u00aa.&nbsp;La Corredur\u00eda [&hellip;]<\/p>\n","protected":false},"author":1,"featured_media":0,"parent":0,"menu_order":0,"comment_status":"closed","ping_status":"closed","template":"","meta":{"footnotes":""},"class_list":["post-8189","page","type-page","status-publish","hentry"],"_links":{"self":[{"href":"https:\/\/justinsurance.es\/de\/wp-json\/wp\/v2\/pages\/8189","targetHints":{"allow":["GET"]}}],"collection":[{"href":"https:\/\/justinsurance.es\/de\/wp-json\/wp\/v2\/pages"}],"about":[{"href":"https:\/\/justinsurance.es\/de\/wp-json\/wp\/v2\/types\/page"}],"author":[{"embeddable":true,"href":"https:\/\/justinsurance.es\/de\/wp-json\/wp\/v2\/users\/1"}],"replies":[{"embeddable":true,"href":"https:\/\/justinsurance.es\/de\/wp-json\/wp\/v2\/comments?post=8189"}],"version-history":[{"count":2,"href":"https:\/\/justinsurance.es\/de\/wp-json\/wp\/v2\/pages\/8189\/revisions"}],"predecessor-version":[{"id":8488,"href":"https:\/\/justinsurance.es\/de\/wp-json\/wp\/v2\/pages\/8189\/revisions\/8488"}],"wp:attachment":[{"href":"https:\/\/justinsurance.es\/de\/wp-json\/wp\/v2\/media?parent=8189"}],"curies":[{"name":"wp","href":"https:\/\/api.w.org\/{rel}","templated":true}]}}